{"id":788,"date":"2025-03-14T14:12:17","date_gmt":"2025-03-14T13:12:17","guid":{"rendered":"https:\/\/misspoptrappes.org\/WordPress3\/?page_id=788"},"modified":"2025-03-14T18:02:15","modified_gmt":"2025-03-14T17:02:15","slug":"actualites","status":"publish","type":"page","link":"https:\/\/misspoptrappes.org\/WordPress3\/actualites\/","title":{"rendered":"Actualit\u00e9s"},"content":{"rendered":"<p><strong>Prix de la la\u00efcit\u00e9<\/strong><\/p>\n<div id=\"attachment_791\" style=\"width: 650px\" class=\"wp-caption aligncenter\"><a href=\"https:\/\/misspoptrappes.org\/WordPress3\/wp-content\/uploads\/2025\/03\/2024MINT0880-001DAV_1132-scaled.jpg\"><img loading=\"lazy\" decoding=\"async\" aria-describedby=\"caption-attachment-791\" class=\"wp-image-791 size-large\" src=\"https:\/\/misspoptrappes.org\/WordPress3\/wp-content\/uploads\/2025\/03\/2024MINT0880-001DAV_1132-1024x683.jpg\" alt=\"\" width=\"640\" height=\"427\" srcset=\"https:\/\/misspoptrappes.org\/WordPress3\/wp-content\/uploads\/2025\/03\/2024MINT0880-001DAV_1132-1024x683.jpg 1024w, https:\/\/misspoptrappes.org\/WordPress3\/wp-content\/uploads\/2025\/03\/2024MINT0880-001DAV_1132-300x200.jpg 300w, https:\/\/misspoptrappes.org\/WordPress3\/wp-content\/uploads\/2025\/03\/2024MINT0880-001DAV_1132-768x512.jpg 768w, https:\/\/misspoptrappes.org\/WordPress3\/wp-content\/uploads\/2025\/03\/2024MINT0880-001DAV_1132-1536x1024.jpg 1536w, https:\/\/misspoptrappes.org\/WordPress3\/wp-content\/uploads\/2025\/03\/2024MINT0880-001DAV_1132-2048x1365.jpg 2048w\" sizes=\"auto, (max-width: 640px) 100vw, 640px\" \/><\/a><p id=\"caption-attachment-791\" class=\"wp-caption-text\">Remise du prix de la la\u00efcit\u00e9, anim\u00e9 par Vanessa Seddik, cheffe du bureau de la la\u00efcit\u00e9 et pr\u00e9sid\u00e9 par Pascale L\u00e9glise, directrice des libert\u00e9s publiques et des affaires juridiques (DLPAJ).<\/p><\/div>\n<p>Le 9 d\u00e9cembre 2024, en tout d\u00e9but d\u2019apr\u00e8s- midi, une petite d\u00e9l\u00e9gation de la Miss Pop, compos\u00e9e de Lucile, Odile, Chantal Pittion-Roussillon, de Nora Laaouissid avec son p\u00e8re Omar, et de Koud\u00eadji et Hamza Diallo avec leur m\u00e8re Hawa, s\u2019est rendue, au minist\u00e8re de l\u2019Int\u00e9rieur, place Bauveau \u00e0 Paris pour participer \u00e0 la remise des <strong>Prix 2024 de la La\u00efcit\u00e9<\/strong>.<\/p>\n<p>Ce prix vise \u00e0 promouvoir la la\u00efcit\u00e9 comme un principe fondamental au c\u0153ur des valeurs r\u00e9publicaines.<\/p>\n<p>C\u2019est notre atelier citoyen sur les diff\u00e9rentes religions qui a \u00e9t\u00e9 remarqu\u00e9 et r\u00e9compens\u00e9 par ce prix. C\u2019est donc avec beaucoup de fiert\u00e9 et un peu d\u2019appr\u00e9hension que nous avons retrouv\u00e9 Val\u00e9rie Rodriguez devant les grilles du minist\u00e8re, ainsi que de nombreux autres groupes \u00e9galement laur\u00e9ats.<\/p>\n<p>Apr\u00e8s une br\u00e8ve introduction de la c\u00e9r\u00e9monie, par Pascale L\u00e9glise, directrice des Libert\u00e9s publiques et des Affaires juridiques (DLPAJ), des acteurs diss\u00e9min\u00e9s dans la salle de r\u00e9ception, ont rejou\u00e9 pour nous une partie des \u00e9changes houleux entre les d\u00e9put\u00e9s de l\u2019\u00e9poque, lors des d\u00e9bats parlementaires qui ont abouti \u00e0 la loi de 1905 sur la la\u00efcit\u00e9.<\/p>\n<p>Chaque laur\u00e9at est ensuite venu chercher son prix, seul ou en groupe, parfois tr\u00e8s nombreux*, avec quelques mots de remerciements.<\/p>\n","protected":false},"excerpt":{"rendered":"<p>Prix de la la\u00efcit\u00e9 Le 9 d\u00e9cembre 2024, en tout d\u00e9but d\u2019apr\u00e8s- midi, une petite d\u00e9l\u00e9gation de la Miss Pop, compos\u00e9e de Lucile, Odile, Chantal Pittion-Roussillon, de Nora Laaouissid avec son p\u00e8re Omar, et de Koud\u00eadji et Hamza Diallo avec &hellip; <a href=\"https:\/\/misspoptrappes.org\/WordPress3\/actualites\/\">Continuer la lecture <span class=\"meta-nav\">&rarr;<\/span><\/a><\/p>\n","protected":false},"author":5,"featured_media":0,"parent":0,"menu_order":0,"comment_status":"closed","ping_status":"closed","template":"","meta":{"footnotes":""},"class_list":["post-788","page","type-page","status-publish","hentry"],"_links":{"self":[{"href":"https:\/\/misspoptrappes.org\/WordPress3\/wp-json\/wp\/v2\/pages\/788","targetHints":{"allow":["GET"]}}],"collection":[{"href":"https:\/\/misspoptrappes.org\/WordPress3\/wp-json\/wp\/v2\/pages"}],"about":[{"href":"https:\/\/misspoptrappes.org\/WordPress3\/wp-json\/wp\/v2\/types\/page"}],"author":[{"embeddable":true,"href":"https:\/\/misspoptrappes.org\/WordPress3\/wp-json\/wp\/v2\/users\/5"}],"replies":[{"embeddable":true,"href":"https:\/\/misspoptrappes.org\/WordPress3\/wp-json\/wp\/v2\/comments?post=788"}],"version-history":[{"count":6,"href":"https:\/\/misspoptrappes.org\/WordPress3\/wp-json\/wp\/v2\/pages\/788\/revisions"}],"predecessor-version":[{"id":813,"href":"https:\/\/misspoptrappes.org\/WordPress3\/wp-json\/wp\/v2\/pages\/788\/revisions\/813"}],"wp:attachment":[{"href":"https:\/\/misspoptrappes.org\/WordPress3\/wp-json\/wp\/v2\/media?parent=788"}],"curies":[{"name":"wp","href":"https:\/\/api.w.org\/{rel}","templated":true}]}}