{"id":16,"date":"2013-05-31T16:21:53","date_gmt":"2013-05-31T14:21:53","guid":{"rendered":"http:\/\/misspoptrappes.org\/WordPress3\/?page_id=16"},"modified":"2024-10-14T14:51:30","modified_gmt":"2024-10-14T12:51:30","slug":"scolarite","status":"publish","type":"page","link":"https:\/\/misspoptrappes.org\/WordPress3\/activites\/scolarite\/","title":{"rendered":"Accompagnement \u00e0 la scolarit\u00e9"},"content":{"rendered":"<p align=\"left\"><span style=\"color: #000000; font-family: Arial, Helvetica, sans-serif;\"><strong><span style=\"font-size: large;\">OBJECTIFS :<\/span><\/strong><\/span><\/p>\n<p align=\"left\"><span style=\"font-family: Arial, Helvetica, sans-serif; font-size: large;\">Nous voulons offrir aux enfants de\u00a0<strong>l&rsquo;\u00e9cole primaire<\/strong>\u00a0et du\u00a0<strong>coll\u00e8ge<\/strong>\u00a0un lieu o\u00f9 ils peuvent travailler et progresser en\u00a0<strong>confiance<\/strong>\u00a0avec l&rsquo;aide d&rsquo;accompagnateurs b\u00e9n\u00e9voles qui les guident pour :<br \/>\n&#8211; faire leurs devoirs,<br \/>\n&#8211; se faire expliquer ce qu&rsquo;ils ont mal compris en classe,<br \/>\n&#8211; faire des exercices de lecture, de grammaire, de maths,<br \/>\n&#8211; abordertout autre probl\u00e8me qui les pr\u00e9occupe.<\/span><\/p>\n<p align=\"left\"><span style=\"font-family: Arial, Helvetica, sans-serif; font-size: large;\">Le but de notre action est en effet de contribuer \u00e0 la mission d&rsquo;\u00e9ducation aupr\u00e8s des \u00e9l\u00e8ves (en collaboration avec le Projet de R\u00e9ussite Educative et en r\u00e9f\u00e9rence \u00e0 la Charte de l&rsquo;accompagnement \u00e0 la scolarit\u00e9) pour l&rsquo;acquisition :<br \/>\n&#8211; des bases fondamentales : lire, \u00e9crire, compter<br \/>\n&#8211; des rep\u00e8res simples mais solides<br \/>\n&#8211; du go\u00fbt d&rsquo;apprendre, du go\u00fbt du travail<br \/>\n&#8211; du m\u00e9rite de l&rsquo;effort<\/span><\/p>\n<p align=\"left\"><span style=\"font-family: Arial, Helvetica, sans-serif; font-size: large;\"><strong>ORGANISATION :<\/strong><\/span><\/p>\n<p align=\"left\"><span style=\"font-family: Arial, Helvetica, sans-serif; font-size: large;\">Le soutien scolaire se d\u00e9roule \u00e0 la Miss&rsquo; Pop en\u00a0<strong>petits groupes de 3 enfants par accompagnateur<\/strong>\u00a0aux heures suivantes :<br \/>\n&#8211; pour les primaires : 16h45 &#8211; 18h00 \/ 2 fois par semaine<br \/>\n&#8211; pour les coll\u00e9giens : 18h15 &#8211; 19h30 \/ 2 fois par semaine<br \/>\nDes formes d&rsquo;accompagnements plus individualis\u00e9es et plus ponctuelles peuvent aussi \u00eatre mises en place.<\/span><\/p>\n<p align=\"left\"><span style=\"font-family: Arial, Helvetica, sans-serif; font-size: large;\"><strong>MOYENS :<\/strong><\/span><\/p>\n<p align=\"left\"><span style=\"font-family: Arial, Helvetica, sans-serif; font-size: large;\">Une\u00a0<strong>\u00e9quipe d&rsquo;environ 16 accompagnateurs b\u00e9n\u00e9voles<\/strong>\u00a0&#8211; retrait\u00e9s ou actifs avec un bagage d&rsquo;au moins BAC+2 &#8211; assurent pour la plupart 2 fois par semaine les s\u00e9ances de soutien.<br \/>\nUne personne est charg\u00e9e de la\u00a0<strong>coordination<\/strong>\u00a0et des relations ext\u00e9rieures &#8211; \u00e9tablissements scolaires, parents, administration, financeurs -.<\/span><\/p>\n<p align=\"left\"><span style=\"font-family: Arial, Helvetica, sans-serif; font-size: large;\">Un\u00a0<strong>partenariat<\/strong>\u00a0: Accompagnement Scolaire &#8211; Parents &#8211; Ecole &#8211; Programme de R\u00e9ussite \u00e9ducative &#8211; avec agr\u00e9ment CLAS.<\/span><\/p>\n<p align=\"left\"><span style=\"font-family: Arial, Helvetica, sans-serif; font-size: large;\">Dans le cadre de l&rsquo;accompagnement des enfants du primaire, nous pouvons proposer \u00e9galement un moment d&rsquo;activit\u00e9 \u00e9ducative p\u00e9riscolaire (\u00ab\u00a0AEPS\u00a0\u00bb) o\u00f9 l&rsquo;acquisition du savoir est abord\u00e9e sous un angle plus ludique.<\/span><\/p>\n<p align=\"left\"><span style=\"font-family: Arial, Helvetica, sans-serif; font-size: large;\">Un atelier d&rsquo;initiation \u00e0 l&rsquo;informatique sera de nouveau disponible, trois soir\u00e9es par semaine, pour tout travail sur logiciel ou toute recherche documentaire sur Internet, avec un intervenant qualifi\u00e9.<\/span><\/p>\n<p align=\"left\"><span style=\"font-family: Arial, Helvetica, sans-serif; font-size: large;\">Contact : Lucile SABATHIE<br \/>\nT\u00e9l : 01.30.51.89.95<\/span><\/p>\n","protected":false},"excerpt":{"rendered":"<p>OBJECTIFS : Nous voulons offrir aux enfants de\u00a0l&rsquo;\u00e9cole primaire\u00a0et du\u00a0coll\u00e8ge\u00a0un lieu o\u00f9 ils peuvent travailler et progresser en\u00a0confiance\u00a0avec l&rsquo;aide d&rsquo;accompagnateurs b\u00e9n\u00e9voles qui les guident pour : &#8211; faire leurs devoirs, &#8211; se faire expliquer ce qu&rsquo;ils ont mal compris en &hellip; <a href=\"https:\/\/misspoptrappes.org\/WordPress3\/activites\/scolarite\/\">Continuer la lecture <span class=\"meta-nav\">&rarr;<\/span><\/a><\/p>\n","protected":false},"author":4,"featured_media":0,"parent":14,"menu_order":1,"comment_status":"closed","ping_status":"closed","template":"onecolumn-page.php","meta":{"footnotes":""},"class_list":["post-16","page","type-page","status-publish","hentry"],"_links":{"self":[{"href":"https:\/\/misspoptrappes.org\/WordPress3\/wp-json\/wp\/v2\/pages\/16","targetHints":{"allow":["GET"]}}],"collection":[{"href":"https:\/\/misspoptrappes.org\/WordPress3\/wp-json\/wp\/v2\/pages"}],"about":[{"href":"https:\/\/misspoptrappes.org\/WordPress3\/wp-json\/wp\/v2\/types\/page"}],"author":[{"embeddable":true,"href":"https:\/\/misspoptrappes.org\/WordPress3\/wp-json\/wp\/v2\/users\/4"}],"replies":[{"embeddable":true,"href":"https:\/\/misspoptrappes.org\/WordPress3\/wp-json\/wp\/v2\/comments?post=16"}],"version-history":[{"count":9,"href":"https:\/\/misspoptrappes.org\/WordPress3\/wp-json\/wp\/v2\/pages\/16\/revisions"}],"predecessor-version":[{"id":688,"href":"https:\/\/misspoptrappes.org\/WordPress3\/wp-json\/wp\/v2\/pages\/16\/revisions\/688"}],"up":[{"embeddable":true,"href":"https:\/\/misspoptrappes.org\/WordPress3\/wp-json\/wp\/v2\/pages\/14"}],"wp:attachment":[{"href":"https:\/\/misspoptrappes.org\/WordPress3\/wp-json\/wp\/v2\/media?parent=16"}],"curies":[{"name":"wp","href":"https:\/\/api.w.org\/{rel}","templated":true}]}}