{"id":14,"date":"2013-05-31T16:21:16","date_gmt":"2013-05-31T14:21:16","guid":{"rendered":"http:\/\/misspoptrappes.org\/WordPress3\/?page_id=14"},"modified":"2025-01-08T19:53:24","modified_gmt":"2025-01-08T18:53:24","slug":"activites","status":"publish","type":"page","link":"https:\/\/misspoptrappes.org\/WordPress3\/activites\/","title":{"rendered":"Activit\u00e9s"},"content":{"rendered":"<table width=\"593\" cellspacing=\"5\" align=\"center\">\n<tbody>\n<tr>\n<td width=\"307\">\n<div align=\"left\"><a title=\"Accompagnement \u00e0 la scolarit\u00e9\" href=\"http:\/\/misspoptrappes.org\/WordPress3\/activites\/scolarite\/\">Accompagnement \u00e0 la scolarit\u00e9<\/a><\/div>\n<\/td>\n<td width=\"265\">\n<div align=\"center\"><a title=\"Accompagnement \u00e0 la scolarit\u00e9\" href=\"http:\/\/misspoptrappes.org\/WordPress3\/activites\/scolarite\/\"><img loading=\"lazy\" decoding=\"async\" class=\"alignnone size-full wp-image-62\" src=\"http:\/\/misspoptrappes.org\/WordPress3\/wp-content\/uploads\/2013\/06\/activite2.jpg\" alt=\"activite2\" width=\"178\" height=\"134\" \/><\/a><\/div>\n<\/td>\n<\/tr>\n<tr>\n<td><a title=\"Ateliers de fran\u00e7ais pour adultes\" href=\"http:\/\/misspoptrappes.org\/WordPress3\/activites\/asl\/\">Ateliers de fran\u00e7ais pour adultes<\/a><\/td>\n<td>\n<div align=\"center\"><a title=\"Ateliers de fran\u00e7ais pour adultes\" href=\"http:\/\/misspoptrappes.org\/WordPress3\/activites\/asl\/\"><img loading=\"lazy\" decoding=\"async\" class=\"alignnone size-full wp-image-61\" src=\"http:\/\/misspoptrappes.org\/WordPress3\/wp-content\/uploads\/2013\/06\/activite1.jpg\" alt=\"activite1\" width=\"178\" height=\"118\" \/><\/a><\/div>\n<\/td>\n<\/tr>\n<tr>\n<td><a title=\"Atelier d\u2019initiation \u00e0 l\u2019informatique\" href=\"http:\/\/misspoptrappes.org\/WordPress3\/activites\/info\/\">Atelier d&rsquo;initiation \u00e0 l&rsquo;informatique<\/a><\/td>\n<td valign=\"top\">\u00a0 \u00a0 \u00a0 \u00a0 \u00a0\u00a0<img loading=\"lazy\" decoding=\"async\" class=\"alignnone wp-image-68\" src=\"http:\/\/misspoptrappes.org\/WordPress3\/wp-content\/uploads\/2013\/06\/info2-300x225.jpg\" alt=\"info2\" width=\"176\" height=\"132\" srcset=\"https:\/\/misspoptrappes.org\/WordPress3\/wp-content\/uploads\/2013\/06\/info2-300x225.jpg 300w, https:\/\/misspoptrappes.org\/WordPress3\/wp-content\/uploads\/2013\/06\/info2.jpg 460w\" sizes=\"auto, (max-width: 176px) 100vw, 176px\" \/><\/td>\n<\/tr>\n<tr>\n<td><a title=\"Activit\u00e9s cr\u00e9atives\" href=\"http:\/\/misspoptrappes.org\/WordPress3\/activites\/creatives\/\">Activit\u00e9s cr\u00e9atives<\/a><\/td>\n<td>\n<div align=\"center\"><a title=\"Activit\u00e9s cr\u00e9atives\" href=\"http:\/\/misspoptrappes.org\/WordPress3\/activites\/creatives\/\"><img loading=\"lazy\" decoding=\"async\" class=\"alignnone size-full wp-image-55\" src=\"http:\/\/misspoptrappes.org\/WordPress3\/wp-content\/uploads\/2013\/06\/activite5.jpg\" alt=\"activite5\" width=\"178\" height=\"134\" \/><\/a><\/div>\n<\/td>\n<\/tr>\n<tr>\n<td><a title=\"Avec les familles\" href=\"http:\/\/misspoptrappes.org\/WordPress3\/familles\/\">Avec les familles<\/a><\/td>\n<td>\n<div align=\"center\"><a title=\"Avec les familles\" href=\"http:\/\/misspoptrappes.org\/WordPress3\/activites\/familles\/\"><img loading=\"lazy\" decoding=\"async\" class=\"alignnone size-full wp-image-64\" src=\"http:\/\/misspoptrappes.org\/WordPress3\/wp-content\/uploads\/2013\/06\/activite4.jpg\" alt=\"activite4\" width=\"178\" height=\"134\" \/><\/a><\/div>\n<\/td>\n<\/tr>\n<\/tbody>\n<\/table>\n","protected":false},"excerpt":{"rendered":"<p>Accompagnement \u00e0 la scolarit\u00e9 Ateliers de fran\u00e7ais pour adultes Atelier d&rsquo;initiation \u00e0 l&rsquo;informatique \u00a0 \u00a0 \u00a0 \u00a0 \u00a0\u00a0 Activit\u00e9s cr\u00e9atives Avec les familles<\/p>\n","protected":false},"author":4,"featured_media":0,"parent":0,"menu_order":3,"comment_status":"closed","ping_status":"closed","template":"onecolumn-page.php","meta":{"footnotes":""},"class_list":["post-14","page","type-page","status-publish","hentry"],"_links":{"self":[{"href":"https:\/\/misspoptrappes.org\/WordPress3\/wp-json\/wp\/v2\/pages\/14","targetHints":{"allow":["GET"]}}],"collection":[{"href":"https:\/\/misspoptrappes.org\/WordPress3\/wp-json\/wp\/v2\/pages"}],"about":[{"href":"https:\/\/misspoptrappes.org\/WordPress3\/wp-json\/wp\/v2\/types\/page"}],"author":[{"embeddable":true,"href":"https:\/\/misspoptrappes.org\/WordPress3\/wp-json\/wp\/v2\/users\/4"}],"replies":[{"embeddable":true,"href":"https:\/\/misspoptrappes.org\/WordPress3\/wp-json\/wp\/v2\/comments?post=14"}],"version-history":[{"count":11,"href":"https:\/\/misspoptrappes.org\/WordPress3\/wp-json\/wp\/v2\/pages\/14\/revisions"}],"predecessor-version":[{"id":262,"href":"https:\/\/misspoptrappes.org\/WordPress3\/wp-json\/wp\/v2\/pages\/14\/revisions\/262"}],"wp:attachment":[{"href":"https:\/\/misspoptrappes.org\/WordPress3\/wp-json\/wp\/v2\/media?parent=14"}],"curies":[{"name":"wp","href":"https:\/\/api.w.org\/{rel}","templated":true}]}}