{"id":13,"date":"2013-05-31T16:20:26","date_gmt":"2013-05-31T14:20:26","guid":{"rendered":"http:\/\/misspoptrappes.org\/WordPress3\/?page_id=13"},"modified":"2026-04-02T11:48:22","modified_gmt":"2026-04-02T09:48:22","slug":"presentation","status":"publish","type":"page","link":"https:\/\/misspoptrappes.org\/WordPress3\/presentation\/","title":{"rendered":"Pr\u00e9sentation"},"content":{"rendered":"<p style=\"text-align: center;\"><strong>Qui sommes nous ?<\/strong><\/p>\n<p>La Miss Pop est une association d\u2019\u00e9ducation populaire qui intervient \u00e0 Trappes depuis plus de 40 ans.<\/p>\n<p>Environ 200 personnes la fr\u00e9quentent chaque semaine.<\/p>\n<p><strong>Sa priorit\u00e9 :<\/strong> la pr\u00e9sence, l\u2019\u00e9coute et l\u2019accompagnement.<\/p>\n<p><strong>Son objectif :<\/strong> aider chacun \u00e0 devenir responsable et acteur de sa vie.<\/p>\n<p style=\"text-align: center;\"><strong>La MissPop propose :<\/strong><\/p>\n<ul>\n<li>des cours de fran\u00e7ais pour les personnes allophones tous les jours de la semaine ;<\/li>\n<li>de l\u2019accompagnement scolaire du lundi au vendredi pour environ 70 enfants du CE1 au lyc\u00e9e ;<\/li>\n<li>de l\u2019accompagnement administratif ;<\/li>\n<li>des ateliers informatiques ;<\/li>\n<li>un atelier de jeux de soci\u00e9t\u00e9 tous les mercredis apr\u00e8s-midi ;<\/li>\n<li>diverses activit\u00e9s pour les enfants pendant les petites vacances scolaires (ateliers culturels, scientifiques, sorties, ateliers cr\u00e9atifs) ;<\/li>\n<li>des rencontres autour de la parentalit\u00e9, de la sant\u00e9 ainsi que des sorties culturelles ;<\/li>\n<li>un atelier couture hebdomadaire .<\/li>\n<\/ul>\n<p>Les activit\u00e9s, ateliers et animations propos\u00e9es actuellement seront enrichis en fonction des talents et comp\u00e9tences de nouveaux intervenants<\/p>\n<p>&nbsp;<\/p>\n<p>&nbsp;<\/p>\n","protected":false},"excerpt":{"rendered":"<p>Qui sommes nous ? La Miss Pop est une association d\u2019\u00e9ducation populaire qui intervient \u00e0 Trappes depuis plus de 40 ans. Environ 200 personnes la fr\u00e9quentent chaque semaine. Sa priorit\u00e9 : la pr\u00e9sence, l\u2019\u00e9coute et l\u2019accompagnement. Son objectif : aider &hellip; <a href=\"https:\/\/misspoptrappes.org\/WordPress3\/presentation\/\">Continuer la lecture <span class=\"meta-nav\">&rarr;<\/span><\/a><\/p>\n","protected":false},"author":4,"featured_media":0,"parent":0,"menu_order":1,"comment_status":"closed","ping_status":"closed","template":"onecolumn-page.php","meta":{"footnotes":""},"class_list":["post-13","page","type-page","status-publish","hentry"],"_links":{"self":[{"href":"https:\/\/misspoptrappes.org\/WordPress3\/wp-json\/wp\/v2\/pages\/13","targetHints":{"allow":["GET"]}}],"collection":[{"href":"https:\/\/misspoptrappes.org\/WordPress3\/wp-json\/wp\/v2\/pages"}],"about":[{"href":"https:\/\/misspoptrappes.org\/WordPress3\/wp-json\/wp\/v2\/types\/page"}],"author":[{"embeddable":true,"href":"https:\/\/misspoptrappes.org\/WordPress3\/wp-json\/wp\/v2\/users\/4"}],"replies":[{"embeddable":true,"href":"https:\/\/misspoptrappes.org\/WordPress3\/wp-json\/wp\/v2\/comments?post=13"}],"version-history":[{"count":10,"href":"https:\/\/misspoptrappes.org\/WordPress3\/wp-json\/wp\/v2\/pages\/13\/revisions"}],"predecessor-version":[{"id":1134,"href":"https:\/\/misspoptrappes.org\/WordPress3\/wp-json\/wp\/v2\/pages\/13\/revisions\/1134"}],"wp:attachment":[{"href":"https:\/\/misspoptrappes.org\/WordPress3\/wp-json\/wp\/v2\/media?parent=13"}],"curies":[{"name":"wp","href":"https:\/\/api.w.org\/{rel}","templated":true}]}}