{"id":116,"date":"2013-06-07T10:09:41","date_gmt":"2013-06-07T08:09:41","guid":{"rendered":"http:\/\/misspoptrappes.org\/WordPress3\/?page_id=116"},"modified":"2025-03-17T17:36:13","modified_gmt":"2025-03-17T16:36:13","slug":"familles","status":"publish","type":"page","link":"https:\/\/misspoptrappes.org\/WordPress3\/activites\/familles\/","title":{"rendered":"Avec les familles"},"content":{"rendered":"<p>Tout au long de l\u2019ann\u00e9e de multiples activit\u00e9s sont organis\u00e9es pour les familles\u00a0:<\/p>\n<h2><b>1 Caf\u00e9 des parents <\/b><\/h2>\n<p>R\u00e9guli\u00e8rement, les parents se retrouvent autour d\u2019un caf\u00e9, pour \u00e9changer librement sur des th\u00e8mes vari\u00e9s qui les concernent\u00a0: la gestion des \u00e9motions en famille, les probl\u00e8mes li\u00e9s \u00e0 l\u2019utilisation des \u00e9crans, la d\u00e9couverte du monde scolaire, le harc\u00e8lement&#8230;<\/p>\n<h2><b>2 Caf\u00e9 sant\u00e9<\/b><\/h2>\n<p>Un m\u00e9decin b\u00e9n\u00e9vole propose r\u00e9guli\u00e8rement des caf\u00e9s sant\u00e9. Ceux ci sont r\u00e9serv\u00e9s aux femmes, afin de favoriser l\u2019abord de toutes sortes de questions, y compris sur des sujets intimes. Plusieurs th\u00e8mes ont d\u00e9j\u00e0 \u00e9t\u00e9 abord\u00e9s, comme la physiologie et les sp\u00e9cificit\u00e9s du corps f\u00e9minin, la question de la contraception, les vaccins, les bienfaits de l\u2019activit\u00e9 physique, la pubert\u00e9, les \u00e9crans et la sant\u00e9&#8230;<\/p>\n<h2><b>3 Sorties en familles<\/b><\/h2>\n<p>Tous les ans, notre traditionnelle sortie en mer, d\u00e9but juillet, remporte un franc succ\u00e8s. Ce sont d\u00e9sormais 2 cars que nous mobilisons pour qu\u2019un maximum de familles de notre association puissent profiter des joies des plages de Normandie.<\/p>\n<p>Mais nous allons aussi r\u00e9guli\u00e8rement visiter d\u2019autres lieux culturels, ainsi qu\u2019au cin\u00e9ma.<\/p>\n<h2><b>4 S\u00e9jours d\u2019\u00e9t\u00e9<\/b><\/h2>\n<p>Depuis plusieurs ann\u00e9es, nous organisons un s\u00e9jour en g\u00eete avec quelques familles. Nous d\u00e9couvrons une r\u00e9gion et ses richesses\u00a0: l\u2019Auvergne, la Normandie, le Val de Loire&#8230; Avec 3 minibus plein soit environ 27 personnes, chaque jour nous visitons des lieux culturels et profitons d\u2019activit\u00e9s vari\u00e9es pour la joie des enfants et des adultes.<\/p>\n<p>Le but de notre action n\u2019est pas seulement d\u2019offrir des vacances \u00e0 des familles qui, autrement, ne partiraient pas, mais aussi de travailler sur la parentalit\u00e9 .C\u2019est donc le lieu de discussion et d\u2019interrogation des pratiques \u00e9ducationnelles de chacun.<\/p>\n<p><a href=\"https:\/\/misspoptrappes.org\/WordPress3\/wp-content\/uploads\/2025\/03\/Sortie-MissPop.jpg\"><img loading=\"lazy\" decoding=\"async\" class=\"aligncenter size-full wp-image-822\" src=\"https:\/\/misspoptrappes.org\/WordPress3\/wp-content\/uploads\/2025\/03\/Sortie-MissPop.jpg\" alt=\"\" width=\"1011\" height=\"427\" srcset=\"https:\/\/misspoptrappes.org\/WordPress3\/wp-content\/uploads\/2025\/03\/Sortie-MissPop.jpg 1011w, https:\/\/misspoptrappes.org\/WordPress3\/wp-content\/uploads\/2025\/03\/Sortie-MissPop-300x127.jpg 300w, https:\/\/misspoptrappes.org\/WordPress3\/wp-content\/uploads\/2025\/03\/Sortie-MissPop-768x324.jpg 768w\" sizes=\"auto, (max-width: 1011px) 100vw, 1011px\" \/><\/a><\/p>\n","protected":false},"excerpt":{"rendered":"<p>Tout au long de l\u2019ann\u00e9e de multiples activit\u00e9s sont organis\u00e9es pour les familles\u00a0: 1 Caf\u00e9 des parents R\u00e9guli\u00e8rement, les parents se retrouvent autour d\u2019un caf\u00e9, pour \u00e9changer librement sur des th\u00e8mes vari\u00e9s qui les concernent\u00a0: la gestion des \u00e9motions en &hellip; <a href=\"https:\/\/misspoptrappes.org\/WordPress3\/activites\/familles\/\">Continuer la lecture <span class=\"meta-nav\">&rarr;<\/span><\/a><\/p>\n","protected":false},"author":4,"featured_media":0,"parent":14,"menu_order":5,"comment_status":"closed","ping_status":"closed","template":"onecolumn-page.php","meta":{"footnotes":""},"class_list":["post-116","page","type-page","status-publish","hentry"],"_links":{"self":[{"href":"https:\/\/misspoptrappes.org\/WordPress3\/wp-json\/wp\/v2\/pages\/116","targetHints":{"allow":["GET"]}}],"collection":[{"href":"https:\/\/misspoptrappes.org\/WordPress3\/wp-json\/wp\/v2\/pages"}],"about":[{"href":"https:\/\/misspoptrappes.org\/WordPress3\/wp-json\/wp\/v2\/types\/page"}],"author":[{"embeddable":true,"href":"https:\/\/misspoptrappes.org\/WordPress3\/wp-json\/wp\/v2\/users\/4"}],"replies":[{"embeddable":true,"href":"https:\/\/misspoptrappes.org\/WordPress3\/wp-json\/wp\/v2\/comments?post=116"}],"version-history":[{"count":10,"href":"https:\/\/misspoptrappes.org\/WordPress3\/wp-json\/wp\/v2\/pages\/116\/revisions"}],"predecessor-version":[{"id":825,"href":"https:\/\/misspoptrappes.org\/WordPress3\/wp-json\/wp\/v2\/pages\/116\/revisions\/825"}],"up":[{"embeddable":true,"href":"https:\/\/misspoptrappes.org\/WordPress3\/wp-json\/wp\/v2\/pages\/14"}],"wp:attachment":[{"href":"https:\/\/misspoptrappes.org\/WordPress3\/wp-json\/wp\/v2\/media?parent=116"}],"curies":[{"name":"wp","href":"https:\/\/api.w.org\/{rel}","templated":true}]}}