{"id":1135,"date":"2026-04-02T13:35:28","date_gmt":"2026-04-02T11:35:28","guid":{"rendered":"https:\/\/misspoptrappes.org\/WordPress3\/?page_id=1135"},"modified":"2026-04-03T15:48:25","modified_gmt":"2026-04-03T13:48:25","slug":"nous-recherchons","status":"publish","type":"page","link":"https:\/\/misspoptrappes.org\/WordPress3\/nous-recherchons\/","title":{"rendered":"Nous recherchons"},"content":{"rendered":"<h2 style=\"text-align: center;\"><b>La MissPop de Trappes propose des missions \u00e0 des b\u00e9n\u00e9voles, m\u00e9c\u00e9nat de comp\u00e9tences (**), \u2026<\/b><\/h2>\n<h3><b>Ci-dessous nos offres &amp; recherches actuelles<\/b><\/h3>\n<p><i><span style=\"font-weight: 400;\">V1.1 maj le 27-3-2026<\/span><\/i><\/p>\n<p>&nbsp;<\/p>\n<h4><b>Missions \u00e0 pourvoir d\u00e8s maintenant<\/b><\/h4>\n<p>&nbsp;<\/p>\n<table>\n<tbody>\n<tr>\n<td><span style=\"font-weight: 400;\">d\u00e9signation<\/span><\/td>\n<td><span style=\"font-weight: 400;\">charge <\/span><span style=\"font-weight: 400;\">minimum<\/span><span style=\"font-weight: 400;\"> estim\u00e9e<\/span><\/td>\n<\/tr>\n<tr>\n<td><a href=\"https:\/\/misspoptrappes.org\/WordPress3\/wp-content\/uploads\/2026\/04\/Animatrice-teur-Accompagnement-scolaire.pdf\" target=\"_blank\" rel=\"noopener\"><span style=\"font-weight: 400;\">Animatrice\/teur Accompagnement scolaire<\/span><\/a><\/td>\n<td><span style=\"font-weight: 400;\">1h30 par semaine (*)<\/span><\/td>\n<\/tr>\n<tr>\n<td><a href=\"https:\/\/misspoptrappes.org\/WordPress3\/wp-content\/uploads\/2026\/04\/Animatrice-teur-Atelier-de-Francais.pdf\" target=\"_blank\" rel=\"noopener\"><span style=\"font-weight: 400;\">Animatrice\/teur Ate<\/span><span style=\"font-weight: 400;\">liers de fran\u00e7ais (A.S.L.)<\/span><\/a><\/td>\n<td><span style=\"font-weight: 400;\">2 heures par semaine (*)<\/span><\/td>\n<\/tr>\n<tr>\n<td><a href=\"https:\/\/misspoptrappes.org\/WordPress3\/wp-content\/uploads\/2026\/04\/Accompagnatrice-teur-demarches-administratives.pdf\" target=\"_blank\" rel=\"noopener\"><span style=\"font-weight: 400;\">Accompagnatr<\/span><span style=\"font-weight: 400;\">i<\/span><span style=\"font-weight: 400;\">ce\/teur aux d\u00e9marches administratives<\/span><span style=\"font-weight: 400;\">\u00a0<\/span><\/a><\/td>\n<td><span style=\"font-weight: 400;\">2 heures par semaine ou quinzaine (*)<\/span><\/td>\n<\/tr>\n<tr>\n<td><a href=\"https:\/\/misspoptrappes.org\/WordPress3\/wp-content\/uploads\/2026\/04\/Charge-e-d-accueil.pdf\" target=\"_blank\" rel=\"noopener\"><span style=\"font-weight: 400;\">Charg\u00e9(e) d&rsquo;accueil<\/span><\/a><\/td>\n<td><span style=\"font-weight: 400;\">\u00bd journ\u00e9e par semaine (*)<\/span><\/td>\n<\/tr>\n<tr>\n<td><a href=\"https:\/\/misspoptrappes.org\/WordPress3\/wp-content\/uploads\/2026\/04\/animatrice-teur-jeux-de-societe.pdf\" target=\"_blank\" rel=\"noopener\"><span style=\"font-weight: 400;\">Animatrice\/teur Ateliers Jeux de Soci\u00e9t\u00e9<\/span><\/a><\/td>\n<td><span style=\"font-weight: 400;\">1h30 le mercredi apr\u00e8s-midi (2 fois\/mois) (*)<\/span><\/td>\n<\/tr>\n<\/tbody>\n<\/table>\n<p><span style=\"font-weight: 400;\">(*) hors vacances scolaires<\/span><\/p>\n<p><span style=\"font-weight: 400;\">\u00a0<\/span><\/p>\n<h4><b>Missions \u00e0 venir<\/b><\/h4>\n<p>&nbsp;<\/p>\n<table>\n<tbody>\n<tr>\n<td><span style=\"font-weight: 400;\">d\u00e9signation<\/span><\/td>\n<td><span style=\"font-weight: 400;\">charge minimum estim\u00e9e<\/span><\/td>\n<\/tr>\n<tr>\n<td><a href=\"https:\/\/misspoptrappes.org\/WordPress3\/wp-content\/uploads\/2026\/04\/Animatrice-teur-atelier-culturel-enfants.pdf\" target=\"_blank\" rel=\"noopener\"><span style=\"font-weight: 400;\">Animatrice\/teur Atelier Culturel (enfants)<\/span><\/a><\/td>\n<td><span style=\"font-weight: 400;\">d\u00e9pendant des projets propos\u00e9s<\/span><\/td>\n<\/tr>\n<tr>\n<td><span style=\"font-weight: 400;\">Animatrice\/teur Ateliers lecture<\/span><\/td>\n<td><span style=\"font-weight: 400;\">\u00bd journ\u00e9e par mois<\/span><\/td>\n<\/tr>\n<tr>\n<td><span style=\"font-weight: 400;\">Charg\u00e9 de communication (traditionnel + digital)<\/span><\/td>\n<td><span style=\"font-weight: 400;\">\u00e0 d\u00e9finir<\/span><\/td>\n<\/tr>\n<\/tbody>\n<\/table>\n<p>&nbsp;<\/p>\n<p><b><i>(**)<\/i><\/b><i><span style=\"font-weight: 400;\"> Le M\u00e9c\u00e9nat de Comp\u00e9tence permet \u00e0 un salari\u00e9, dont l\u2019entreprise adh\u00e8re au dispositif, de mettre \u00e0 disposition d\u2019une association, comme la MissPop, ses comp\u00e9tences professionnelles ou personnelles, tout en gardant sa r\u00e9mun\u00e9ration de salari\u00e9 assur\u00e9e par son entreprise.<\/span><\/i><\/p>\n<p><i><span style=\"font-weight: 400;\">L\u2019engagement du salari\u00e9 peut \u00eatre \u00e0 temps partiel ou \u00e0 plein temps sur une p\u00e9riode pouvant durer jusqu\u2019\u00e0 trois ans.<\/span><\/i><\/p>\n<p>&nbsp;<\/p>\n<p><i><span style=\"font-weight: 400;\">Les missions propos\u00e9es ici par la MissPop correspondent \u00e0 des engagements \u00e0 temps partiel. La MissPop recherche aussi des candidats \u201cm\u00e9c\u00e9nat de comp\u00e9tences\u201d \u00e0 plein temps qui pourraient intervenir sur un ensemble de ces missions.\u00a0<\/span><\/i><\/p>\n<p><i><span style=\"font-weight: 400;\">Contactez-nous! [01 30 51 89 95 ou <\/span><\/i><span style=\"font-weight: 400;\">misspoptrappes@orange.fr]<\/span><\/p>\n<p>&nbsp;<\/p>\n","protected":false},"excerpt":{"rendered":"<p>La MissPop de Trappes propose des missions \u00e0 des b\u00e9n\u00e9voles, m\u00e9c\u00e9nat de comp\u00e9tences (**), \u2026 Ci-dessous nos offres &amp; recherches actuelles V1.1 maj le 27-3-2026 &nbsp; Missions \u00e0 pourvoir d\u00e8s maintenant &nbsp; d\u00e9signation charge minimum estim\u00e9e Animatrice\/teur Accompagnement scolaire 1h30 &hellip; <a href=\"https:\/\/misspoptrappes.org\/WordPress3\/nous-recherchons\/\">Continuer la lecture <span class=\"meta-nav\">&rarr;<\/span><\/a><\/p>\n","protected":false},"author":5,"featured_media":0,"parent":0,"menu_order":0,"comment_status":"closed","ping_status":"closed","template":"","meta":{"footnotes":""},"class_list":["post-1135","page","type-page","status-publish","hentry"],"_links":{"self":[{"href":"https:\/\/misspoptrappes.org\/WordPress3\/wp-json\/wp\/v2\/pages\/1135","targetHints":{"allow":["GET"]}}],"collection":[{"href":"https:\/\/misspoptrappes.org\/WordPress3\/wp-json\/wp\/v2\/pages"}],"about":[{"href":"https:\/\/misspoptrappes.org\/WordPress3\/wp-json\/wp\/v2\/types\/page"}],"author":[{"embeddable":true,"href":"https:\/\/misspoptrappes.org\/WordPress3\/wp-json\/wp\/v2\/users\/5"}],"replies":[{"embeddable":true,"href":"https:\/\/misspoptrappes.org\/WordPress3\/wp-json\/wp\/v2\/comments?post=1135"}],"version-history":[{"count":22,"href":"https:\/\/misspoptrappes.org\/WordPress3\/wp-json\/wp\/v2\/pages\/1135\/revisions"}],"predecessor-version":[{"id":1172,"href":"https:\/\/misspoptrappes.org\/WordPress3\/wp-json\/wp\/v2\/pages\/1135\/revisions\/1172"}],"wp:attachment":[{"href":"https:\/\/misspoptrappes.org\/WordPress3\/wp-json\/wp\/v2\/media?parent=1135"}],"curies":[{"name":"wp","href":"https:\/\/api.w.org\/{rel}","templated":true}]}}