{"id":108,"date":"2013-06-03T17:40:13","date_gmt":"2013-06-03T15:40:13","guid":{"rendered":"http:\/\/misspoptrappes.org\/WordPress3\/?page_id=108"},"modified":"2014-05-25T17:55:26","modified_gmt":"2014-05-25T15:55:26","slug":"creatives","status":"publish","type":"page","link":"https:\/\/misspoptrappes.org\/WordPress3\/activites\/creatives\/","title":{"rendered":"Activit\u00e9s cr\u00e9atives"},"content":{"rendered":"<p align=\"center\"><span style=\"font-family: Arial, Helvetica, sans-serif; font-size: large;\">Vous aimez<br \/>\nbroder, coudre, tricoter,<br \/>\npeindre, d\u00e9couper, coller,\u2026<br \/>\n<a href=\"http:\/\/misspoptrappes.org\/WordPress3\/wp-content\/uploads\/2013\/06\/couture_clip_image002.jpg\"><img loading=\"lazy\" decoding=\"async\" class=\"alignnone size-full wp-image-56\" alt=\"couture_clip_image002\" src=\"http:\/\/misspoptrappes.org\/WordPress3\/wp-content\/uploads\/2013\/06\/couture_clip_image002.jpg\" width=\"118\" height=\"86\" \/><\/a>\u00a0\u00a0<a href=\"http:\/\/misspoptrappes.org\/WordPress3\/wp-content\/uploads\/2013\/06\/couture_clip_image004.jpg\"><img loading=\"lazy\" decoding=\"async\" class=\"alignnone size-full wp-image-57\" alt=\"couture_clip_image004\" src=\"http:\/\/misspoptrappes.org\/WordPress3\/wp-content\/uploads\/2013\/06\/couture_clip_image004.jpg\" width=\"146\" height=\"100\" \/><\/a><br \/>\nimaginer, inventer, r\u00e9aliser<br \/>\nde jolies choses avec les mains<br \/>\ndans une ambiance conviviale<br \/>\nen parlant fran\u00e7ais<\/span><\/p>\n<p align=\"center\"><span style=\"font-family: Arial, Helvetica, sans-serif; font-size: large;\">\u00e0 la Miss Pop<br \/>\nle jeudi apr\u00e8s-midi<br \/>\nde 14h30 \u00e0 16h30<br \/>\n<a href=\"http:\/\/misspoptrappes.org\/WordPress3\/wp-content\/uploads\/2013\/06\/activite5.jpg\"><img loading=\"lazy\" decoding=\"async\" class=\"alignnone size-full wp-image-55\" alt=\"activite5\" src=\"http:\/\/misspoptrappes.org\/WordPress3\/wp-content\/uploads\/2013\/06\/activite5.jpg\" width=\"178\" height=\"134\" \/><\/a><br \/>\n<\/span><\/p>\n","protected":false},"excerpt":{"rendered":"<p>Vous aimez broder, coudre, tricoter, peindre, d\u00e9couper, coller,\u2026 \u00a0\u00a0 imaginer, inventer, r\u00e9aliser de jolies choses avec les mains dans une ambiance conviviale en parlant fran\u00e7ais \u00e0 la Miss Pop le jeudi apr\u00e8s-midi de 14h30 \u00e0 16h30<\/p>\n","protected":false},"author":4,"featured_media":0,"parent":14,"menu_order":4,"comment_status":"closed","ping_status":"closed","template":"onecolumn-page.php","meta":{"footnotes":""},"class_list":["post-108","page","type-page","status-publish","hentry"],"_links":{"self":[{"href":"https:\/\/misspoptrappes.org\/WordPress3\/wp-json\/wp\/v2\/pages\/108","targetHints":{"allow":["GET"]}}],"collection":[{"href":"https:\/\/misspoptrappes.org\/WordPress3\/wp-json\/wp\/v2\/pages"}],"about":[{"href":"https:\/\/misspoptrappes.org\/WordPress3\/wp-json\/wp\/v2\/types\/page"}],"author":[{"embeddable":true,"href":"https:\/\/misspoptrappes.org\/WordPress3\/wp-json\/wp\/v2\/users\/4"}],"replies":[{"embeddable":true,"href":"https:\/\/misspoptrappes.org\/WordPress3\/wp-json\/wp\/v2\/comments?post=108"}],"version-history":[{"count":4,"href":"https:\/\/misspoptrappes.org\/WordPress3\/wp-json\/wp\/v2\/pages\/108\/revisions"}],"predecessor-version":[{"id":234,"href":"https:\/\/misspoptrappes.org\/WordPress3\/wp-json\/wp\/v2\/pages\/108\/revisions\/234"}],"up":[{"embeddable":true,"href":"https:\/\/misspoptrappes.org\/WordPress3\/wp-json\/wp\/v2\/pages\/14"}],"wp:attachment":[{"href":"https:\/\/misspoptrappes.org\/WordPress3\/wp-json\/wp\/v2\/media?parent=108"}],"curies":[{"name":"wp","href":"https:\/\/api.w.org\/{rel}","templated":true}]}}