{"id":106,"date":"2013-06-03T17:38:51","date_gmt":"2013-06-03T15:38:51","guid":{"rendered":"http:\/\/misspoptrappes.org\/WordPress3\/?page_id=106"},"modified":"2026-02-23T21:48:49","modified_gmt":"2026-02-23T20:48:49","slug":"info","status":"publish","type":"page","link":"https:\/\/misspoptrappes.org\/WordPress3\/activites\/info\/","title":{"rendered":"Atelier d&rsquo;initiation \u00e0 l&rsquo;informatique"},"content":{"rendered":"<p><span style=\"font-family: Arial, sans-serif;\"><span style=\"font-size: xx-large;\"><b><a href=\"https:\/\/misspoptrappes.org\/WordPress3\/wp-content\/uploads\/2026\/02\/ordinateur.jpg\"><img loading=\"lazy\" decoding=\"async\" class=\"alignright wp-image-1075 size-medium\" src=\"https:\/\/misspoptrappes.org\/WordPress3\/wp-content\/uploads\/2026\/02\/ordinateur-300x227.jpg\" alt=\"\" width=\"300\" height=\"227\" srcset=\"https:\/\/misspoptrappes.org\/WordPress3\/wp-content\/uploads\/2026\/02\/ordinateur-300x227.jpg 300w, https:\/\/misspoptrappes.org\/WordPress3\/wp-content\/uploads\/2026\/02\/ordinateur-1024x776.jpg 1024w, https:\/\/misspoptrappes.org\/WordPress3\/wp-content\/uploads\/2026\/02\/ordinateur-768x582.jpg 768w, https:\/\/misspoptrappes.org\/WordPress3\/wp-content\/uploads\/2026\/02\/ordinateur.jpg 1500w\" sizes=\"auto, (max-width: 300px) 100vw, 300px\" \/><\/a><\/b><\/span><\/span><\/p>\n<p class=\"western\" align=\"left\"><span style=\"font-family: Arial, sans-serif;\"><span style=\"font-size: x-large;\"><b>lundi\u00a0 16H30 -19H<\/b><\/span><\/span><\/p>\n<p class=\"western\" align=\"left\"><span style=\"font-family: Arial, sans-serif;\"><span style=\"font-size: x-large;\"><b>Mardi 16H30 -19H<\/b><\/span><\/span><\/p>\n<p class=\"western\" align=\"left\"><span style=\"font-family: Arial, sans-serif;\"><span style=\"font-size: x-large;\"><b>Jeudi\u00a0 16H30 &#8211; 19H<\/b><\/span><\/span><\/p>\n<p>&nbsp;<\/p>\n<p>&nbsp;<\/p>\n<ul>\n<li class=\"western\"><span style=\"font-family: Arial, sans-serif;\"><span style=\"font-size: x-large;\"><b>Utilisation d\u2019un ordinateur<\/b><\/span><\/span><\/li>\n<li>\n<p class=\"western\" align=\"left\"><span style=\"font-family: Arial, sans-serif;\"><span style=\"font-size: x-large;\"><b>Acc\u00e8s \u00e0 internet<\/b><\/span><\/span><\/p>\n<\/li>\n<li>\n<p class=\"western\" align=\"left\"><span style=\"font-family: Arial, sans-serif;\"><span style=\"font-size: x-large;\"><b>Consulter un site<\/b><\/span><\/span><\/p>\n<\/li>\n<li>\n<p class=\"western\" align=\"left\"><span style=\"font-family: Arial, sans-serif;\"><span style=\"font-size: x-large;\"><b>Remplir des formulaires en ligne<\/b><\/span><\/span><\/p>\n<\/li>\n<li>\n<p class=\"western\" align=\"left\"><span style=\"font-family: Arial, sans-serif;\"><span style=\"font-size: x-large;\"><b>Prendre des rendez-vous par internet<\/b><\/span><\/span><\/p>\n<\/li>\n<li>\n<p class=\"western\" align=\"left\"><span style=\"font-family: Arial, sans-serif;\"><span style=\"font-size: x-large;\"><b>Consulter Pronote<\/b><\/span><\/span><\/p>\n<\/li>\n<li>\n<p class=\"western\" align=\"left\"><span style=\"font-family: Arial, sans-serif;\"><span style=\"font-size: x-large;\"><b>R\u00e9diger un CV\u2026\u2026..<\/b><\/span><\/span><\/p>\n<\/li>\n<\/ul>\n<p>&nbsp;<\/p>\n<p>&nbsp;<\/p>\n","protected":false},"excerpt":{"rendered":"<p>lundi\u00a0 16H30 -19H Mardi 16H30 -19H Jeudi\u00a0 16H30 &#8211; 19H &nbsp; &nbsp; Utilisation d\u2019un ordinateur Acc\u00e8s \u00e0 internet Consulter un site Remplir des formulaires en ligne Prendre des rendez-vous par internet Consulter Pronote R\u00e9diger un CV\u2026\u2026.. &nbsp; &nbsp;<\/p>\n","protected":false},"author":4,"featured_media":0,"parent":14,"menu_order":3,"comment_status":"closed","ping_status":"closed","template":"onecolumn-page.php","meta":{"footnotes":""},"class_list":["post-106","page","type-page","status-publish","hentry"],"_links":{"self":[{"href":"https:\/\/misspoptrappes.org\/WordPress3\/wp-json\/wp\/v2\/pages\/106","targetHints":{"allow":["GET"]}}],"collection":[{"href":"https:\/\/misspoptrappes.org\/WordPress3\/wp-json\/wp\/v2\/pages"}],"about":[{"href":"https:\/\/misspoptrappes.org\/WordPress3\/wp-json\/wp\/v2\/types\/page"}],"author":[{"embeddable":true,"href":"https:\/\/misspoptrappes.org\/WordPress3\/wp-json\/wp\/v2\/users\/4"}],"replies":[{"embeddable":true,"href":"https:\/\/misspoptrappes.org\/WordPress3\/wp-json\/wp\/v2\/comments?post=106"}],"version-history":[{"count":18,"href":"https:\/\/misspoptrappes.org\/WordPress3\/wp-json\/wp\/v2\/pages\/106\/revisions"}],"predecessor-version":[{"id":1081,"href":"https:\/\/misspoptrappes.org\/WordPress3\/wp-json\/wp\/v2\/pages\/106\/revisions\/1081"}],"up":[{"embeddable":true,"href":"https:\/\/misspoptrappes.org\/WordPress3\/wp-json\/wp\/v2\/pages\/14"}],"wp:attachment":[{"href":"https:\/\/misspoptrappes.org\/WordPress3\/wp-json\/wp\/v2\/media?parent=106"}],"curies":[{"name":"wp","href":"https:\/\/api.w.org\/{rel}","templated":true}]}}